{"id":36231,"date":"2021-12-17T15:19:50","date_gmt":"2021-12-17T15:19:50","guid":{"rendered":"https:\/\/socage-br.datacentersiur.com\/socage-italia\/"},"modified":"2023-06-20T15:11:37","modified_gmt":"2023-06-20T15:11:37","slug":"socage-italia","status":"publish","type":"page","link":"https:\/\/socage.com.br\/es\/socage-italia\/","title":{"rendered":"Socage Italia"},"content":{"rendered":"\n[et_pb_section fb_built=\u00bb1&#8243; _builder_version=\u00bb4.6.6&#8243; _module_preset=\u00bbdefault\u00bb background_color=\u00bb#f7f7f7&#8243; custom_padding=\u00bb0px||2px|||\u00bb da_disable_devices=\u00bboff|off|off\u00bb border_width_bottom=\u00bb5px\u00bb border_color_bottom=\u00bb#8cbf47&#8243; da_is_popup=\u00bboff\u00bb da_exit_intent=\u00bboff\u00bb da_has_close=\u00bbon\u00bb da_alt_close=\u00bboff\u00bb da_dark_close=\u00bboff\u00bb da_not_modal=\u00bbon\u00bb da_is_singular=\u00bboff\u00bb da_with_loader=\u00bboff\u00bb da_has_shadow=\u00bbon\u00bb][et_pb_row _builder_version=\u00bb4.6.6&#8243; _module_preset=\u00bbdefault\u00bb custom_padding=\u00bb19px||19px|||\u00bb][et_pb_column type=\u00bb4_4&#8243; _builder_version=\u00bb4.6.6&#8243; _module_preset=\u00bbdefault\u00bb][et_pb_text _builder_version=\u00bb4.6.6&#8243; _module_preset=\u00bbdefault\u00bb text_font_size=\u00bb25px\u00bb hover_enabled=\u00bb0&#8243; sticky_enabled=\u00bb0&#8243;]<p>SOCAGE ITALIA<\/p>\n[\/et_pb_text][\/et_pb_column][\/et_pb_row][\/et_pb_section][et_pb_section fb_built=\u00bb1&#8243; admin_label=\u00bbPopup &#8211; #undefined\u00bb _builder_version=\u00bb4.6.6&#8243; _module_preset=\u00bbdefault\u00bb background_image=\u00bbhttps:\/\/socage.com.br\/wp-content\/uploads\/2019\/07\/socage-company.jpg\u00bb background_position=\u00bbcenter_right\u00bb custom_margin=\u00bb||||false|false\u00bb custom_padding=\u00bb230px||230px||false|false\u00bb da_disable_devices=\u00bboff|off|off\u00bb da_is_popup=\u00bboff\u00bb da_exit_intent=\u00bboff\u00bb da_has_close=\u00bbon\u00bb da_alt_close=\u00bboff\u00bb da_dark_close=\u00bboff\u00bb da_not_modal=\u00bbon\u00bb da_is_singular=\u00bboff\u00bb da_with_loader=\u00bboff\u00bb da_has_shadow=\u00bbon\u00bb][\/et_pb_section][et_pb_section fb_built=\u00bb1&#8243; _builder_version=\u00bb4.6.6&#8243; _module_preset=\u00bbdefault\u00bb custom_padding=\u00bb||22px|||\u00bb da_disable_devices=\u00bboff|off|off\u00bb da_is_popup=\u00bboff\u00bb da_exit_intent=\u00bboff\u00bb da_has_close=\u00bbon\u00bb da_alt_close=\u00bboff\u00bb da_dark_close=\u00bboff\u00bb da_not_modal=\u00bbon\u00bb da_is_singular=\u00bboff\u00bb da_with_loader=\u00bboff\u00bb da_has_shadow=\u00bbon\u00bb][et_pb_row column_structure=\u00bb2_5,3_5&#8243; _builder_version=\u00bb4.6.6&#8243; _module_preset=\u00bbdefault\u00bb][et_pb_column type=\u00bb2_5&#8243; _builder_version=\u00bb4.6.6&#8243; _module_preset=\u00bbdefault\u00bb][et_pb_image src=\u00bbhttps:\/\/socage.com.br\/wp-content\/uploads\/2018\/12\/socage-carpi-azienda.jpg\u00bb alt=\u00bbsocage carpi empreza\u00bb title_text=\u00bbsocage carpi empreza\u00bb _builder_version=\u00bb4.6.6&#8243; _module_preset=\u00bbdefault\u00bb][\/et_pb_image][\/et_pb_column][et_pb_column type=\u00bb3_5&#8243; _builder_version=\u00bb4.6.6&#8243; _module_preset=\u00bbdefault\u00bb][et_pb_text _builder_version=\u00bb4.6.6&#8243; _module_preset=\u00bbdefault\u00bb header_text_color=\u00bb#0d68b3&#8243; header_line_height=\u00bb1.2em\u00bb custom_margin=\u00bb||25px|||\u00bb]<h1 style=\"text-align: justify;\">SOCAGE \/ Producci\u00f3n y venta de plataformas a\u00e9reas<\/h1>\r\n<p style=\"text-align: justify;\">SOCAGE, en la provincia de M\u00f3dena, es una empresa que produce y comercializa plataformas a\u00e9reas. Una trayectoria de m\u00e1s de cuarenta a\u00f1os y una importante especializaci\u00f3n en plataformas para trabajos a\u00e9reos, distinguen a nuestra empresa. Nuestros productos, de calidad y tecnol\u00f3gicamente avanzados, aprovechan la evoluci\u00f3n de los componentes para destacar en el mercado como plataformas de alto rendimiento, confiables y f\u00e1ciles de usar.<\/p>[\/et_pb_text][et_pb_blurb use_icon=\u00bbon\u00bb font_icon=\u00bb%%226%%\u00bb icon_color=\u00bb#0d68b3&#8243; icon_placement=\u00bbleft\u00bb _builder_version=\u00bb4.6.6&#8243; _module_preset=\u00bbdefault\u00bb body_text_align=\u00bbleft\u00bb custom_margin=\u00bb||9px||false|false\u00bb custom_padding=\u00bb|||0px||\u00bb]<p><strong>Nuestra misi\u00f3n<\/strong><\/p>[\/et_pb_blurb][et_pb_text _builder_version=\u00bb4.6.6&#8243; _module_preset=\u00bbdefault\u00bb custom_margin=\u00bb15px|||||\u00bb]<p style=\"text-align: justify;\"><em>Socage asegura una constante innovaci\u00f3n tecnol\u00f3gica a trav\u00e9s de productos de vanguardia, una amplia gama de plataformas a\u00e9reas y dise\u00f1o italiano.<\/em><\/p>[\/et_pb_text][\/et_pb_column][\/et_pb_row][\/et_pb_section][et_pb_section fb_built=\u00bb1&#8243; _builder_version=\u00bb4.6.6&#8243; _module_preset=\u00bbdefault\u00bb background_color=\u00bb#f7f7f7&#8243; custom_margin=\u00bb20px|||||\u00bb custom_padding=\u00bb14px|||||\u00bb da_disable_devices=\u00bboff|off|off\u00bb da_is_popup=\u00bboff\u00bb da_exit_intent=\u00bboff\u00bb da_has_close=\u00bbon\u00bb da_alt_close=\u00bboff\u00bb da_dark_close=\u00bboff\u00bb da_not_modal=\u00bbon\u00bb da_is_singular=\u00bboff\u00bb da_with_loader=\u00bboff\u00bb da_has_shadow=\u00bbon\u00bb][et_pb_row column_structure=\u00bb1_2,1_2&#8243; make_equal=\u00bbon\u00bb _builder_version=\u00bb4.6.6&#8243; _module_preset=\u00bbdefault\u00bb max_width=\u00bb1400px\u00bb][et_pb_column type=\u00bb1_2&#8243; _builder_version=\u00bb4.6.6&#8243; _module_preset=\u00bbdefault\u00bb custom_padding=\u00bb|80px||27px|false|false\u00bb border_width_left=\u00bb2px\u00bb border_color_left=\u00bb#0d68b3&#8243;][et_pb_blurb title=\u00bb1974&#8243; use_icon=\u00bbon\u00bb font_icon=\u00bb%%42%%\u00bb icon_color=\u00bb#0c71c3&#8243; icon_placement=\u00bbleft\u00bb content_max_width=\u00bb100%\u00bb use_icon_font_size=\u00bbon\u00bb icon_font_size=\u00bb40px\u00bb _builder_version=\u00bb4.6.6&#8243; header_level=\u00bbh5&#8243; header_font=\u00bbOswald|||on|||||\u00bb header_text_color=\u00bb#0d68b3&#8243; header_font_size=\u00bb25px\u00bb header_line_height=\u00bb1.4em\u00bb body_font=\u00bb|700|||||||\u00bb body_text_color=\u00bb#000000&#8243; body_font_size=\u00bb30px\u00bb body_line_height=\u00bb1.8em\u00bb custom_margin=\u00bb||0px|-39px|false|false\u00bb animation_style=\u00bbfade\u00bb body_font_size_tablet=\u00bb18px\u00bb body_font_size_phone=\u00bb16px\u00bb body_font_size_last_edited=\u00bbon|phone\u00bb locked=\u00bboff\u00bb][\/et_pb_blurb][et_pb_text _builder_version=\u00bb4.6.6&#8243; _module_preset=\u00bbdefault\u00bb custom_margin=\u00bb|||18px|false|false\u00bb animation_style=\u00bbslide\u00bb animation_direction=\u00bbright\u00bb animation_intensity_slide=\u00bb5%\u00bb]<p style=\"text-align: justify;\">SO.CA.GE, \u201cSociet\u00e0 di Carpenteria Generale\u201d nace en 1974 como una empresa especializada en la producci\u00f3n y construcci\u00f3n de piezas met\u00e1licas.<\/p>[\/et_pb_text][et_pb_blurb title=\u00bb1981&#8243; use_icon=\u00bbon\u00bb font_icon=\u00bb%%42%%\u00bb icon_color=\u00bb#0c71c3&#8243; icon_placement=\u00bbleft\u00bb content_max_width=\u00bb100%\u00bb use_icon_font_size=\u00bbon\u00bb icon_font_size=\u00bb40px\u00bb _builder_version=\u00bb4.6.6&#8243; header_level=\u00bbh5&#8243; header_font=\u00bbOswald|||on|||||\u00bb header_text_color=\u00bb#0d68b3&#8243; header_font_size=\u00bb25px\u00bb header_line_height=\u00bb1.4em\u00bb body_font=\u00bb|700|||||||\u00bb body_text_color=\u00bb#000000&#8243; body_font_size=\u00bb30px\u00bb body_line_height=\u00bb1.8em\u00bb custom_margin=\u00bb||0px|-39px|false|false\u00bb animation_style=\u00bbfade\u00bb body_font_size_tablet=\u00bb18px\u00bb body_font_size_phone=\u00bb16px\u00bb body_font_size_last_edited=\u00bbon|phone\u00bb locked=\u00bboff\u00bb][\/et_pb_blurb][et_pb_text _builder_version=\u00bb4.6.6&#8243; _module_preset=\u00bbdefault\u00bb custom_margin=\u00bb|||19px|false|false\u00bb animation_style=\u00bbslide\u00bb animation_direction=\u00bbright\u00bb animation_intensity_slide=\u00bb5%\u00bb]<p style=\"text-align: justify;\">En 1981 la empresa se especializa en la construcci\u00f3n de plataformas para trabajos a\u00e9reos y gracias a la innovadora l\u00ednea de brazos articulados se consolida r\u00e1pidamente como l\u00edder en el mercado italiano.<\/p>[\/et_pb_text][et_pb_blurb title=\u00bb1987&#8243; use_icon=\u00bbon\u00bb font_icon=\u00bb%%42%%\u00bb icon_color=\u00bb#0c71c3&#8243; icon_placement=\u00bbleft\u00bb content_max_width=\u00bb100%\u00bb use_icon_font_size=\u00bbon\u00bb icon_font_size=\u00bb40px\u00bb _builder_version=\u00bb4.6.6&#8243; header_level=\u00bbh5&#8243; header_font=\u00bbOswald|||on|||||\u00bb header_text_color=\u00bb#0d68b3&#8243; header_font_size=\u00bb25px\u00bb header_line_height=\u00bb1.4em\u00bb body_font=\u00bb|700|||||||\u00bb body_text_color=\u00bb#000000&#8243; body_font_size=\u00bb30px\u00bb body_line_height=\u00bb1.8em\u00bb custom_margin=\u00bb||0px|-39px|false|false\u00bb animation_style=\u00bbfade\u00bb body_font_size_tablet=\u00bb18px\u00bb body_font_size_phone=\u00bb16px\u00bb body_font_size_last_edited=\u00bbon|phone\u00bb locked=\u00bboff\u00bb][\/et_pb_blurb][et_pb_text _builder_version=\u00bb4.6.6&#8243; _module_preset=\u00bbdefault\u00bb custom_margin=\u00bb|||19px|false|false\u00bb animation_style=\u00bbslide\u00bb animation_direction=\u00bbright\u00bb animation_intensity_slide=\u00bb5%\u00bb]<p style=\"text-align: justify;\">En 1987 nace el grupo SO.CA.GE-FASSI (tercer productor mundial de Gr\u00faas Hidr\u00e1ulicas para camiones) con el ambicioso proyecto de formar el primer grupo italiano especializado en equipos para trabajos en altura.<\/p>[\/et_pb_text][et_pb_blurb title=\u00bb2009&#8243; use_icon=\u00bbon\u00bb font_icon=\u00bb%%42%%\u00bb icon_color=\u00bb#0c71c3&#8243; icon_placement=\u00bbleft\u00bb content_max_width=\u00bb100%\u00bb use_icon_font_size=\u00bbon\u00bb icon_font_size=\u00bb40px\u00bb _builder_version=\u00bb4.6.6&#8243; header_level=\u00bbh5&#8243; header_font=\u00bbOswald|||on|||||\u00bb header_text_color=\u00bb#0d68b3&#8243; header_font_size=\u00bb25px\u00bb header_line_height=\u00bb1.4em\u00bb body_font=\u00bb|700|||||||\u00bb body_text_color=\u00bb#000000&#8243; body_font_size=\u00bb30px\u00bb body_line_height=\u00bb1.8em\u00bb custom_margin=\u00bb||0px|-39px|false|false\u00bb animation_style=\u00bbfade\u00bb body_font_size_tablet=\u00bb18px\u00bb body_font_size_phone=\u00bb16px\u00bb body_font_size_last_edited=\u00bbon|phone\u00bb locked=\u00bboff\u00bb][\/et_pb_blurb][et_pb_text _builder_version=\u00bb4.6.6&#8243; _module_preset=\u00bbdefault\u00bb custom_margin=\u00bb|||19px|false|false\u00bb animation_style=\u00bbslide\u00bb animation_direction=\u00bbright\u00bb animation_intensity_slide=\u00bb5%\u00bb]<p style=\"text-align: justify;\">Gracias al know-how t\u00e9cnico e industrial aportado por FASSI S.p.A., SO.CA.GE crece a\u00f1o tras a\u00f1o. Agosto de 2009 es el punto de inflexi\u00f3n. Socage S.r.l. es absorbida por Fiorenzo Flisi y Maurizio Piantoni, dos emprendedores con muchos a\u00f1os de experiencia en el sector de las plataformas a\u00e9reas, con el objetivo de acelerar el desarrollo de la empresa a trav\u00e9s de fuertes inversiones en investigaci\u00f3n y desarrollo orientadas a ofrecer al mercado productos con rendimientos superiores a los ofrecidos hasta ahora por empresas competidoras.<\/p>[\/et_pb_text][et_pb_blurb title=\u00bb2012&#8243; use_icon=\u00bbon\u00bb font_icon=\u00bb%%42%%\u00bb icon_color=\u00bb#0c71c3&#8243; icon_placement=\u00bbleft\u00bb content_max_width=\u00bb100%\u00bb use_icon_font_size=\u00bbon\u00bb icon_font_size=\u00bb40px\u00bb _builder_version=\u00bb4.6.6&#8243; header_level=\u00bbh5&#8243; header_font=\u00bbOswald|||on|||||\u00bb header_text_color=\u00bb#0d68b3&#8243; header_font_size=\u00bb25px\u00bb header_line_height=\u00bb1.4em\u00bb body_font=\u00bb|700|||||||\u00bb body_text_color=\u00bb#000000&#8243; body_font_size=\u00bb30px\u00bb body_line_height=\u00bb1.8em\u00bb custom_margin=\u00bb||0px|-39px|false|false\u00bb animation_style=\u00bbfade\u00bb body_font_size_tablet=\u00bb18px\u00bb body_font_size_phone=\u00bb16px\u00bb body_font_size_last_edited=\u00bbon|phone\u00bb locked=\u00bboff\u00bb][\/et_pb_blurb][et_pb_text _builder_version=\u00bb4.6.6&#8243; _module_preset=\u00bbdefault\u00bb custom_margin=\u00bb|||19px|false|false\u00bb animation_style=\u00bbslide\u00bb animation_direction=\u00bbright\u00bb animation_intensity_slide=\u00bb5%\u00bb]<p style=\"text-align: justify;\">A pesar del dif\u00edcil per\u00edodo del mercado, la empresa sigue invirtiendo en cursos de actualizaci\u00f3n y gasta 500.000 \u20ac en la adopci\u00f3n de nuevos gr\u00e1ficos y software de dise\u00f1o que permiten a nuestros t\u00e9cnicos realizar an\u00e1lisis de tensi\u00f3n en componentes individuales antes de la producci\u00f3n. Por tanto, los materiales utilizados se optimizan y el resultado es un mayor rendimiento de cada plataforma.<\/p>[\/et_pb_text][et_pb_blurb title=\u00bb2016&#8243; use_icon=\u00bbon\u00bb font_icon=\u00bb%%42%%\u00bb icon_color=\u00bb#0c71c3&#8243; icon_placement=\u00bbleft\u00bb content_max_width=\u00bb100%\u00bb use_icon_font_size=\u00bbon\u00bb icon_font_size=\u00bb40px\u00bb _builder_version=\u00bb4.6.6&#8243; header_level=\u00bbh5&#8243; header_font=\u00bbOswald|||on|||||\u00bb header_text_color=\u00bb#0d68b3&#8243; header_font_size=\u00bb25px\u00bb header_line_height=\u00bb1.4em\u00bb body_font=\u00bb|700|||||||\u00bb body_text_color=\u00bb#000000&#8243; body_font_size=\u00bb30px\u00bb body_line_height=\u00bb1.8em\u00bb custom_margin=\u00bb||0px|-39px|false|false\u00bb animation_style=\u00bbfade\u00bb body_font_size_tablet=\u00bb18px\u00bb body_font_size_phone=\u00bb16px\u00bb body_font_size_last_edited=\u00bbon|phone\u00bb locked=\u00bboff\u00bb][\/et_pb_blurb][et_pb_text _builder_version=\u00bb4.6.6&#8243; _module_preset=\u00bbdefault\u00bb custom_margin=\u00bb|||19px|false|false\u00bb animation_style=\u00bbslide\u00bb animation_direction=\u00bbright\u00bb animation_intensity_slide=\u00bb5%\u00bb]<p style=\"text-align: justify;\"><span style=\"font-weight: 400;\">El 22 de diciembre de 2016 Socage compra la planta de producci\u00f3n de la empresa Manotti Srl en Boretto (RE). En esta nueva ubicaci\u00f3n se instal\u00f3 maquinaria de \u00faltima generaci\u00f3n para la producci\u00f3n de carpinter\u00eda de todos los componentes de las plataformas a\u00e9reas. Con esta adquisici\u00f3n, Socage ha creado m\u00e1s de 100 puestos de trabajo, lo que garantiza una autonom\u00eda de producci\u00f3n casi completa.<\/span><\/p>[\/et_pb_text][et_pb_blurb title=\u00bb2020&#8243; use_icon=\u00bbon\u00bb font_icon=\u00bb%%42%%\u00bb icon_color=\u00bb#0c71c3&#8243; icon_placement=\u00bbleft\u00bb content_max_width=\u00bb100%\u00bb use_icon_font_size=\u00bbon\u00bb icon_font_size=\u00bb40px\u00bb _builder_version=\u00bb4.6.6&#8243; header_level=\u00bbh5&#8243; header_font=\u00bbOswald|||on|||||\u00bb header_text_color=\u00bb#0d68b3&#8243; header_font_size=\u00bb25px\u00bb header_line_height=\u00bb1.4em\u00bb body_font=\u00bb|700|||||||\u00bb body_text_color=\u00bb#000000&#8243; body_font_size=\u00bb30px\u00bb body_line_height=\u00bb1.8em\u00bb custom_margin=\u00bb||0px|-39px|false|false\u00bb animation_style=\u00bbfade\u00bb body_font_size_tablet=\u00bb18px\u00bb body_font_size_phone=\u00bb16px\u00bb body_font_size_last_edited=\u00bbon|phone\u00bb locked=\u00bboff\u00bb][\/et_pb_blurb][et_pb_text _builder_version=\u00bb4.6.6&#8243; _module_preset=\u00bbdefault\u00bb custom_margin=\u00bb|||19px|false|false\u00bb animation_style=\u00bbslide\u00bb animation_direction=\u00bbright\u00bb animation_intensity_slide=\u00bb5%\u00bb]<p style=\"text-align: justify;\">Despu\u00e9s de m\u00e1s de cuatro d\u00e9cadas de especializaci\u00f3n en plataformas a\u00e9reas, Socage da un paso m\u00e1s con la apertura de la nueva planta en Carpi, que se convierte en la oficina principal.<br \/>La infraestructura nos permite perseguir el objetivo de la investigaci\u00f3n y la innovaci\u00f3n tecnol\u00f3gica con el fin de ofrecer los modelos m\u00e1s ligeros, eficientes y comprometidos en el cumplimiento de los est\u00e1ndares de seguridad y emisiones.<\/p>[\/et_pb_text][\/et_pb_column][et_pb_column type=\u00bb1_2&#8243; disabled_on=\u00bbon|on|off\u00bb _builder_version=\u00bb4.6.6&#8243; _module_preset=\u00bbdefault\u00bb background_image=\u00bbhttps:\/\/socage.com.br\/wp-content\/uploads\/2018\/12\/socage-azienda-75.jpg\u00bb custom_padding=\u00bb|||27px|false|false\u00bb custom_css_main_element=\u00bbdisplay: flex;||flex-direction: column;||justify-content: center;\u00bb border_color_left=\u00bb#0d68b3&#8243;][\/et_pb_column][\/et_pb_row][\/et_pb_section]\n","protected":false},"excerpt":{"rendered":"<p>SOCAGE ITALIA SOCAGE \/ Producci\u00f3n y venta de plataformas a\u00e9reas SOCAGE, en la provincia de M\u00f3dena, es una empresa que produce y comercializa plataformas a\u00e9reas. Una trayectoria de m\u00e1s de cuarenta a\u00f1os y una importante especializaci\u00f3n en plataformas para trabajos a\u00e9reos, distinguen a nuestra empresa. Nuestros productos, de calidad y tecnol\u00f3gicamente avanzados, aprovechan la evoluci\u00f3n [&hellip;]<\/p>\n","protected":false},"author":3,"featured_media":0,"parent":0,"menu_order":0,"comment_status":"closed","ping_status":"closed","template":"","meta":{"_et_pb_use_builder":"on","_et_pb_old_content":"","_et_gb_content_width":"","inline_featured_image":false,"footnotes":""},"yst_prominent_words":[191,188,190,184,182],"class_list":["post-36231","page","type-page","status-publish","hentry"],"_links":{"self":[{"href":"https:\/\/socage.com.br\/es\/wp-json\/wp\/v2\/pages\/36231"}],"collection":[{"href":"https:\/\/socage.com.br\/es\/wp-json\/wp\/v2\/pages"}],"about":[{"href":"https:\/\/socage.com.br\/es\/wp-json\/wp\/v2\/types\/page"}],"author":[{"embeddable":true,"href":"https:\/\/socage.com.br\/es\/wp-json\/wp\/v2\/users\/3"}],"replies":[{"embeddable":true,"href":"https:\/\/socage.com.br\/es\/wp-json\/wp\/v2\/comments?post=36231"}],"version-history":[{"count":2,"href":"https:\/\/socage.com.br\/es\/wp-json\/wp\/v2\/pages\/36231\/revisions"}],"predecessor-version":[{"id":37324,"href":"https:\/\/socage.com.br\/es\/wp-json\/wp\/v2\/pages\/36231\/revisions\/37324"}],"wp:attachment":[{"href":"https:\/\/socage.com.br\/es\/wp-json\/wp\/v2\/media?parent=36231"}],"wp:term":[{"taxonomy":"yst_prominent_words","embeddable":true,"href":"https:\/\/socage.com.br\/es\/wp-json\/wp\/v2\/yst_prominent_words?post=36231"}],"curies":[{"name":"wp","href":"https:\/\/api.w.org\/{rel}","templated":true}]}}