{"id":36243,"date":"2021-12-17T15:30:49","date_gmt":"2021-12-17T15:30:49","guid":{"rendered":"https:\/\/socage-br.datacentersiur.com\/socage-por-la-calidad\/"},"modified":"2021-12-17T15:30:49","modified_gmt":"2021-12-17T15:30:49","slug":"socage-por-la-calidad","status":"publish","type":"page","link":"https:\/\/socage.com.br\/es\/socage-por-la-calidad\/","title":{"rendered":"Socage por la calidad"},"content":{"rendered":"<p>[et_pb_section fb_built=\u00bb1&#8243; admin_label=\u00bbPopup &#8211; #undefined\u00bb _builder_version=\u00bb4.6.6&#8243; _module_preset=\u00bbdefault\u00bb background_color=\u00bb#f7f7f7&#8243; custom_padding=\u00bb0px||2px|||\u00bb da_disable_devices=\u00bboff|off|off\u00bb border_width_bottom=\u00bb5px\u00bb border_color_bottom=\u00bb#8cbf47&#8243; da_is_popup=\u00bboff\u00bb da_exit_intent=\u00bboff\u00bb da_has_close=\u00bbon\u00bb da_alt_close=\u00bboff\u00bb da_dark_close=\u00bboff\u00bb da_not_modal=\u00bbon\u00bb da_is_singular=\u00bboff\u00bb da_with_loader=\u00bboff\u00bb da_has_shadow=\u00bbon\u00bb][et_pb_row _builder_version=\u00bb4.6.6&#8243; _module_preset=\u00bbdefault\u00bb custom_padding=\u00bb19px||21px|||\u00bb][et_pb_column type=\u00bb4_4&#8243; _builder_version=\u00bb4.6.6&#8243; _module_preset=\u00bbdefault\u00bb][et_pb_text _builder_version=\u00bb4.6.6&#8243; _module_preset=\u00bbdefault\u00bb text_font_size=\u00bb25px\u00bb hover_enabled=\u00bb0&#8243; sticky_enabled=\u00bb0&#8243;]<\/p>\n<p>SOCAGE POR LA CALIDAD<\/p>\n<p>[\/et_pb_text][\/et_pb_column][\/et_pb_row][\/et_pb_section][et_pb_section fb_built=\u00bb1&#8243; specialty=\u00bbon\u00bb admin_label=\u00bbPopup &#8211; #undefined\u00bb _builder_version=\u00bb4.6.6&#8243; _module_preset=\u00bbdefault\u00bb custom_padding=\u00bb26px|||||\u00bb da_disable_devices=\u00bboff|off|off\u00bb da_is_popup=\u00bboff\u00bb da_exit_intent=\u00bboff\u00bb da_has_close=\u00bbon\u00bb da_alt_close=\u00bboff\u00bb da_dark_close=\u00bboff\u00bb da_not_modal=\u00bbon\u00bb da_is_singular=\u00bboff\u00bb da_with_loader=\u00bboff\u00bb da_has_shadow=\u00bbon\u00bb][et_pb_column type=\u00bb1_2&#8243; _builder_version=\u00bb3.25&#8243; custom_padding=\u00bb|||\u00bb custom_padding__hover=\u00bb|||\u00bb][et_pb_image src=\u00bbhttps:\/\/socage.com.br\/wp-content\/uploads\/2018\/12\/socage-per-la-qualita.jpg\u00bb alt=\u00bbsocage por la calidad\u00bb title_text=\u00bbsocage por la calidad\u00bb _builder_version=\u00bb4.6.6&#8243; _module_preset=\u00bbdefault\u00bb module_alignment=\u00bbcenter\u00bb][\/et_pb_image][\/et_pb_column][et_pb_column type=\u00bb1_2&#8243; specialty_columns=\u00bb2&#8243; _builder_version=\u00bb3.25&#8243; custom_padding=\u00bb|||\u00bb custom_padding__hover=\u00bb|||\u00bb][et_pb_row_inner _builder_version=\u00bb4.6.6&#8243; _module_preset=\u00bbdefault\u00bb custom_padding=\u00bb||8px|||\u00bb][et_pb_column_inner saved_specialty_column_type=\u00bb1_2&#8243; _builder_version=\u00bb4.6.6&#8243; _module_preset=\u00bbdefault\u00bb][et_pb_text _builder_version=\u00bb4.6.6&#8243; _module_preset=\u00bbdefault\u00bb text_font_size=\u00bb22px\u00bb hover_enabled=\u00bb0&#8243; sticky_enabled=\u00bb0&#8243;]<\/p>\n<p style=\"text-align: center\">DECLARACI\u00d3N DE INTENCI\u00d3N PARA LA CALIDAD DE LA EMPRESA<\/p>\n<p>[\/et_pb_text][et_pb_text _builder_version=\u00bb4.6.6&#8243; _module_preset=\u00bbdefault\u00bb hover_enabled=\u00bb0&#8243; sticky_enabled=\u00bb0&#8243;]<\/p>\n<p style=\"text-align: justify\"><span>SOCAGE, a trav\u00e9s de la implementaci\u00f3n de estrategias comerciales que apuntan a la producci\u00f3n y venta de grandes cantidades, tiene entre sus principales objetivos el de posicionarse entre los l\u00edderes del sector aumentando su competitividad en el mercado y su facturaci\u00f3n.<\/span><\/p>\n<p style=\"text-align: justify\"><span>Consolidar y expandir la presencia de la Compa\u00f1\u00eda a nivel nacional e internacional es el desaf\u00edo que actualmente plantea la Gerencia con el objetivo de hacer m\u00e1s reconocible la marca SOCAGE, entendida como sin\u00f3nimo de calidad y confiabilidad.<\/span><\/p>\n<p style=\"text-align: justify\"><span>La Compa\u00f1\u00eda cree que estos desempe\u00f1os pueden lograrse a trav\u00e9s de una gesti\u00f3n organizacional bien estructurada que encuentra su aplicaci\u00f3n en el Sistema de Calidad de la Compa\u00f1\u00eda ISO9001 orientado a resolver problemas internos de producci\u00f3n y organizacionales y a la mejora continua de los procesos.<\/span><\/p>\n<p style=\"text-align: justify\">La Gerencia cree que la satisfacci\u00f3n del cliente se obtiene proporcionando productos que, adem\u00e1s de satisfacer las necesidades de uso, cumplen con los est\u00e1ndares vigentes, tienen altas caracter\u00edsticas de seguridad, son eficaces y son f\u00e1ciles de usar sin la presencia de defectos.<\/p>\n<p>[\/et_pb_text][\/et_pb_column_inner][\/et_pb_row_inner][et_pb_row_inner column_structure=\u00bb1_2,1_2&#8243; _builder_version=\u00bb4.6.6&#8243; _module_preset=\u00bbdefault\u00bb custom_padding=\u00bb0px|||||\u00bb][et_pb_column_inner type=\u00bb1_2&#8243; saved_specialty_column_type=\u00bb1_2&#8243; _builder_version=\u00bb4.6.6&#8243; _module_preset=\u00bbdefault\u00bb][et_pb_text _builder_version=\u00bb4.6.6&#8243; _module_preset=\u00bbdefault\u00bb custom_margin=\u00bb30px|||||\u00bb hover_enabled=\u00bb0&#8243; sticky_enabled=\u00bb0&#8243;]<\/p>\n<p><em><strong>La Direcci\u00f3n SOCAGE S.r.l<br \/><\/strong>(Fiorenzo Flisi)<\/em><\/p>\n<p>&nbsp;<\/p>\n<p>[\/et_pb_text][\/et_pb_column_inner][et_pb_column_inner type=\u00bb1_2&#8243; saved_specialty_column_type=\u00bb1_2&#8243; _builder_version=\u00bb4.6.6&#8243; _module_preset=\u00bbdefault\u00bb][et_pb_image src=\u00bbhttps:\/\/socage.com.br\/wp-content\/uploads\/2019\/07\/quality-certification-dnv-gl.jpg\u00bb alt=\u00bbcertificaci\u00f3n de calidad dnv gl\u00bb title_text=\u00bbcertificaci\u00f3n de calidad dnv gl\u00bb _builder_version=\u00bb4.6.6&#8243; _module_preset=\u00bbdefault\u00bb width=\u00bb55%\u00bb module_alignment=\u00bbcenter\u00bb][\/et_pb_image][\/et_pb_column_inner][\/et_pb_row_inner][\/et_pb_column][\/et_pb_section]<\/p>\n","protected":false},"excerpt":{"rendered":"<p>SOCAGE POR LA CALIDAD DECLARACI\u00d3N DE INTENCI\u00d3N PARA LA CALIDAD DE LA EMPRESA SOCAGE, a trav\u00e9s de la implementaci\u00f3n de estrategias comerciales que apuntan a la producci\u00f3n y venta de grandes cantidades, tiene entre sus principales objetivos el de posicionarse entre los l\u00edderes del sector aumentando su competitividad en el mercado y su facturaci\u00f3n. Consolidar [&hellip;]<\/p>\n","protected":false},"author":3,"featured_media":0,"parent":0,"menu_order":0,"comment_status":"closed","ping_status":"closed","template":"","meta":{"_et_pb_use_builder":"on","_et_pb_old_content":"","_et_gb_content_width":"","inline_featured_image":false,"footnotes":""},"yst_prominent_words":[182],"class_list":["post-36243","page","type-page","status-publish","hentry"],"_links":{"self":[{"href":"https:\/\/socage.com.br\/es\/wp-json\/wp\/v2\/pages\/36243"}],"collection":[{"href":"https:\/\/socage.com.br\/es\/wp-json\/wp\/v2\/pages"}],"about":[{"href":"https:\/\/socage.com.br\/es\/wp-json\/wp\/v2\/types\/page"}],"author":[{"embeddable":true,"href":"https:\/\/socage.com.br\/es\/wp-json\/wp\/v2\/users\/3"}],"replies":[{"embeddable":true,"href":"https:\/\/socage.com.br\/es\/wp-json\/wp\/v2\/comments?post=36243"}],"version-history":[{"count":0,"href":"https:\/\/socage.com.br\/es\/wp-json\/wp\/v2\/pages\/36243\/revisions"}],"wp:attachment":[{"href":"https:\/\/socage.com.br\/es\/wp-json\/wp\/v2\/media?parent=36243"}],"wp:term":[{"taxonomy":"yst_prominent_words","embeddable":true,"href":"https:\/\/socage.com.br\/es\/wp-json\/wp\/v2\/yst_prominent_words?post=36243"}],"curies":[{"name":"wp","href":"https:\/\/api.w.org\/{rel}","templated":true}]}}